{"id":8122,"date":"2024-02-09T00:54:38","date_gmt":"2024-02-09T03:54:38","guid":{"rendered":"https:\/\/centralcrypto.com.br\/2\/?page_id=8122"},"modified":"2025-03-19T21:25:43","modified_gmt":"2025-03-20T00:25:43","slug":"cockpit","status":"publish","type":"page","link":"https:\/\/centralcrypto.com.br\/2\/cockpit\/","title":{"rendered":"Cockpit"},"content":{"rendered":"\t\t<div data-elementor-type=\"wp-page\" data-elementor-id=\"8122\" class=\"elementor elementor-8122\" data-elementor-settings=\"{&quot;element_pack_global_tooltip_width&quot;:{&quot;unit&quot;:&quot;px&quot;,&quot;size&quot;:&quot;&quot;,&quot;sizes&quot;:[]},&quot;element_pack_global_tooltip_width_tablet&quot;:{&quot;unit&quot;:&quot;px&quot;,&quot;size&quot;:&quot;&quot;,&quot;sizes&quot;:[]},&quot;element_pack_global_tooltip_width_mobile&quot;:{&quot;unit&quot;:&quot;px&quot;,&quot;size&quot;:&quot;&quot;,&quot;sizes&quot;:[]},&quot;element_pack_global_tooltip_padding&quot;:{&quot;unit&quot;:&quot;px&quot;,&quot;top&quot;:&quot;&quot;,&quot;right&quot;:&quot;&quot;,&quot;bottom&quot;:&quot;&quot;,&quot;left&quot;:&quot;&quot;,&quot;isLinked&quot;:true},&quot;element_pack_global_tooltip_padding_tablet&quot;:{&quot;unit&quot;:&quot;px&quot;,&quot;top&quot;:&quot;&quot;,&quot;right&quot;:&quot;&quot;,&quot;bottom&quot;:&quot;&quot;,&quot;left&quot;:&quot;&quot;,&quot;isLinked&quot;:true},&quot;element_pack_global_tooltip_padding_mobile&quot;:{&quot;unit&quot;:&quot;px&quot;,&quot;top&quot;:&quot;&quot;,&quot;right&quot;:&quot;&quot;,&quot;bottom&quot;:&quot;&quot;,&quot;left&quot;:&quot;&quot;,&quot;isLinked&quot;:true},&quot;element_pack_global_tooltip_border_radius&quot;:{&quot;unit&quot;:&quot;px&quot;,&quot;top&quot;:&quot;&quot;,&quot;right&quot;:&quot;&quot;,&quot;bottom&quot;:&quot;&quot;,&quot;left&quot;:&quot;&quot;,&quot;isLinked&quot;:true},&quot;element_pack_global_tooltip_border_radius_tablet&quot;:{&quot;unit&quot;:&quot;px&quot;,&quot;top&quot;:&quot;&quot;,&quot;right&quot;:&quot;&quot;,&quot;bottom&quot;:&quot;&quot;,&quot;left&quot;:&quot;&quot;,&quot;isLinked&quot;:true},&quot;element_pack_global_tooltip_border_radius_mobile&quot;:{&quot;unit&quot;:&quot;px&quot;,&quot;top&quot;:&quot;&quot;,&quot;right&quot;:&quot;&quot;,&quot;bottom&quot;:&quot;&quot;,&quot;left&quot;:&quot;&quot;,&quot;isLinked&quot;:true}}\" data-elementor-post-type=\"page\">\n\t\t\t\t\t\t<div class=\"has_eae_slider elementor-section elementor-top-section elementor-element elementor-element-7163611d elementor-section-full_width elementor-section-stretched elementor-section-height-min-height elementor-section-items-top elementor-section-content-top elementor-section-height-default\" data-id=\"7163611d\" data-element_type=\"section\" data-settings=\"{&quot;stretch_section&quot;:&quot;section-stretched&quot;,&quot;background_background&quot;:&quot;classic&quot;,&quot;shape_divider_bottom&quot;:&quot;opacity-tilt&quot;,&quot;_ha_eqh_enable&quot;:false}\">\n\t\t\t\t\t\t\t<div class=\"elementor-background-overlay\"><\/div>\n\t\t\t\t\t\t<div class=\"elementor-shape elementor-shape-bottom\" aria-hidden=\"true\" data-negative=\"false\">\n\t\t\t<svg xmlns=\"http:\/\/www.w3.org\/2000\/svg\" viewBox=\"0 0 2600 131.1\" preserveAspectRatio=\"none\">\n\t<path class=\"elementor-shape-fill\" d=\"M0 0L2600 0 2600 69.1 0 0z\"\/>\n\t<path class=\"elementor-shape-fill\" style=\"opacity:0.5\" d=\"M0 0L2600 0 2600 69.1 0 69.1z\"\/>\n\t<path class=\"elementor-shape-fill\" style=\"opacity:0.25\" d=\"M2600 0L0 0 0 130.1 2600 69.1z\"\/>\n<\/svg>\t\t<\/div>\n\t\t\t\t\t<div class=\"elementor-container elementor-column-gap-no\">\n\t\t\t\t\t<div class=\"has_eae_slider elementor-column elementor-col-100 elementor-top-column elementor-element elementor-element-565194b1\" data-id=\"565194b1\" data-element_type=\"column\">\n\t\t\t<div class=\"elementor-widget-wrap elementor-element-populated\">\n\t\t\t\t\t\t<div class=\"elementor-element elementor-element-fa57953 elementor-widget__width-initial elementor-widget elementor-widget-html\" data-id=\"fa57953\" data-element_type=\"widget\" data-widget_type=\"html.default\">\n\t\t\t\t\t<style>\r\n    .responsive-iframe-container {\r\n        position: relative;\r\n        overflow: hidden;\r\n        height: 3000px;\r\n        padding-top: 56.25%; \/* Aspect ratio: 16:9 *\/\r\n    }\r\n\r\n    .responsive-iframe-container iframe {\r\n        position: absolute;\r\n        top: 0;\r\n        left: 0;\r\n        width: 100%;\r\n        height: 3000px;\r\n        border: 0;\r\n        overflow: hidden; \/* Adicionado para tentar remover a rolagem *\/\r\n    }\r\n<\/style>\r\n\r\n<div class=\"responsive-iframe-container\">\r\n    <iframe src=\"https:\/\/centralcrypto.com.br\/cockpit\/build\/index.html\" frameborder=\"0\" allowfullscreen><\/iframe>\r\n<\/div>\r\n\t\t\t\t<\/div>\n\t\t\t\t\t<\/div>\n\t\t<\/div>\n\t\t\t\t\t<\/div>\n\t\t<\/div>\n\t\t\t\t<section class=\"has_eae_slider elementor-section elementor-top-section elementor-element elementor-element-5690617 elementor-section-full_width elementor-section-stretched elementor-hidden-desktop elementor-hidden-tablet elementor-hidden-mobile elementor-section-height-default elementor-section-height-default\" data-id=\"5690617\" data-element_type=\"section\" data-settings=\"{&quot;stretch_section&quot;:&quot;section-stretched&quot;,&quot;background_background&quot;:&quot;classic&quot;,&quot;tp_display_rules_enable&quot;:&quot;yes&quot;,&quot;_ha_eqh_enable&quot;:false}\">\n\t\t\t\t\t\t\t<div class=\"elementor-background-overlay\"><\/div>\n\t\t\t\t\t\t\t<div class=\"elementor-container elementor-column-gap-default\">\n\t\t\t\t\t<div class=\"has_eae_slider elementor-column elementor-col-33 elementor-top-column elementor-element elementor-element-1b7840b2\" data-id=\"1b7840b2\" data-element_type=\"column\" data-settings=\"{&quot;background_background&quot;:&quot;classic&quot;}\">\n\t\t\t<div class=\"elementor-widget-wrap\">\n\t\t\t\t\t<div class=\"elementor-background-overlay\"><\/div>\n\t\t\t\t\t\t\t<\/div>\n\t\t<\/div>\n\t\t\t\t<div class=\"has_eae_slider elementor-column elementor-col-33 elementor-top-column elementor-element elementor-element-1aa1535d\" data-id=\"1aa1535d\" data-element_type=\"column\" data-settings=\"{&quot;background_background&quot;:&quot;classic&quot;}\">\n\t\t\t<div class=\"elementor-widget-wrap elementor-element-populated\">\n\t\t\t\t\t<div class=\"elementor-background-overlay\"><\/div>\n\t\t\t\t\t\t<div class=\"elementor-element elementor-element-51c9a1b2 animated-slow elementor-invisible elementor-widget elementor-widget-heading\" data-id=\"51c9a1b2\" data-element_type=\"widget\" data-settings=\"{&quot;_animation&quot;:&quot;wobble&quot;}\" data-widget_type=\"heading.default\">\n\t\t\t\t\t<h3 class=\"elementor-heading-title elementor-size-default\">OPS !!<br>Aqui tem muito mais conte\u00fado exclusivo  !!<\/h3>\t\t\t\t<\/div>\n\t\t\t\t<div class=\"elementor-element elementor-element-2b564f0b elementor-invisible elementor-widget elementor-widget-image\" data-id=\"2b564f0b\" data-element_type=\"widget\" data-settings=\"{&quot;_animation&quot;:&quot;zoomInDown&quot;}\" data-widget_type=\"image.default\">\n\t\t\t\t\t\t\t\t\t\t\t\t\t\t\t<img fetchpriority=\"high\" decoding=\"async\" width=\"768\" height=\"461\" src=\"https:\/\/centralcrypto.com.br\/2\/wp-content\/uploads\/2023\/07\/image5-1-768x461.png\" class=\"attachment-medium_large size-medium_large wp-image-4217\" alt=\"\" srcset=\"https:\/\/centralcrypto.com.br\/2\/wp-content\/uploads\/2023\/07\/image5-1-768x461.png 768w, https:\/\/centralcrypto.com.br\/2\/wp-content\/uploads\/2023\/07\/image5-1-600x360.png 600w, https:\/\/centralcrypto.com.br\/2\/wp-content\/uploads\/2023\/07\/image5-1-300x180.png 300w, https:\/\/centralcrypto.com.br\/2\/wp-content\/uploads\/2023\/07\/image5-1-624x374.png 624w, https:\/\/centralcrypto.com.br\/2\/wp-content\/uploads\/2023\/07\/image5-1-60x36.png 60w, https:\/\/centralcrypto.com.br\/2\/wp-content\/uploads\/2023\/07\/image5-1-110x66.png 110w, https:\/\/centralcrypto.com.br\/2\/wp-content\/uploads\/2023\/07\/image5-1.png 1000w\" sizes=\"(max-width: 768px) 100vw, 768px\" \/>\t\t\t\t\t\t\t\t\t\t\t\t\t\t\t<\/div>\n\t\t\t\t<div class=\"elementor-element elementor-element-71c30b77 ha-has-bg-overlay elementor-widget elementor-widget-heading\" data-id=\"71c30b77\" data-element_type=\"widget\" data-widget_type=\"heading.default\">\n\t\t\t\t\t<h2 class=\"elementor-heading-title elementor-size-default\">Ficou curioso? <br>\n\u00c9 pra ficar mesmo ! \ud83d\ude00 \ud83d\ude00<br>\nA sua assinatura se auto-pagar\u00e1 com a quantidade de \ninforma\u00e7\u00f5es que voc\u00ea encontrar\u00e1  na<br>Central Crypto Traders !!\n<\/h2>\t\t\t\t<\/div>\n\t\t\t\t<div class=\"elementor-element elementor-element-2fddb5fd elementor-button-success elementor-align-center premium-floating-effects-yes elementor-widget elementor-widget-button\" data-id=\"2fddb5fd\" data-element_type=\"widget\" data-settings=\"{&quot;premium_fe_scale_switcher&quot;:&quot;yes&quot;,&quot;premium_fe_Xscale&quot;:{&quot;unit&quot;:&quot;px&quot;,&quot;size&quot;:&quot;&quot;,&quot;sizes&quot;:{&quot;from&quot;:1,&quot;to&quot;:1.3}},&quot;premium_fe_Xscale_tablet&quot;:{&quot;unit&quot;:&quot;px&quot;,&quot;size&quot;:&quot;&quot;,&quot;sizes&quot;:[]},&quot;premium_fe_Xscale_mobile&quot;:{&quot;unit&quot;:&quot;px&quot;,&quot;size&quot;:&quot;&quot;,&quot;sizes&quot;:[]},&quot;premium_fe_Yscale&quot;:{&quot;unit&quot;:&quot;px&quot;,&quot;size&quot;:&quot;&quot;,&quot;sizes&quot;:{&quot;from&quot;:1,&quot;to&quot;:1.2}},&quot;premium_fe_Yscale_tablet&quot;:{&quot;unit&quot;:&quot;px&quot;,&quot;size&quot;:&quot;&quot;,&quot;sizes&quot;:[]},&quot;premium_fe_Yscale_mobile&quot;:{&quot;unit&quot;:&quot;px&quot;,&quot;size&quot;:&quot;&quot;,&quot;sizes&quot;:[]},&quot;premium_fe_scale_duration&quot;:{&quot;unit&quot;:&quot;px&quot;,&quot;size&quot;:1000,&quot;sizes&quot;:[]},&quot;premium_fe_scale_delay&quot;:{&quot;unit&quot;:&quot;px&quot;,&quot;size&quot;:&quot;&quot;,&quot;sizes&quot;:[]},&quot;premium_fe_direction&quot;:&quot;alternate&quot;,&quot;premium_fe_loop&quot;:&quot;default&quot;,&quot;premium_fe_easing&quot;:&quot;easeInOutSine&quot;}\" data-widget_type=\"button.default\">\n\t\t\t\t\t\t\t\t\t\t<a class=\"elementor-button elementor-button-link elementor-size-md elementor-animation-pulse\" href=\"https:\/\/centralcrypto.com.br\/qas\/register\/\">\n\t\t\t\t\t\t<span class=\"elementor-button-content-wrapper\">\n\t\t\t\t\t\t\t\t\t<span class=\"elementor-button-text\">Experimente !<\/span>\n\t\t\t\t\t<\/span>\n\t\t\t\t\t<\/a>\n\t\t\t\t\t\t\t\t<\/div>\n\t\t\t\t\t<\/div>\n\t\t<\/div>\n\t\t\t\t<div class=\"has_eae_slider elementor-column elementor-col-33 elementor-top-column elementor-element elementor-element-7c341403\" data-id=\"7c341403\" data-element_type=\"column\" data-settings=\"{&quot;background_background&quot;:&quot;classic&quot;}\">\n\t\t\t<div class=\"elementor-widget-wrap\">\n\t\t\t\t\t<div class=\"elementor-background-overlay\"><\/div>\n\t\t\t\t\t\t\t<\/div>\n\t\t<\/div>\n\t\t\t\t\t<\/div>\n\t\t<\/section>\n\t\t\t\t<\/div>\n\t\t","protected":false},"excerpt":{"rendered":"<p>OPS !!Aqui tem muito mais conte\u00fado exclusivo !! Ficou curioso? \u00c9 pra ficar mesmo ! \ud83d\ude00 \ud83d\ude00 A sua assinatura se auto-pagar\u00e1 com a quantidade de informa\u00e7\u00f5es que voc\u00ea encontrar\u00e1 naCentral Crypto Traders !! Experimente !<\/p>\n","protected":false},"author":1,"featured_media":1314,"parent":0,"menu_order":0,"comment_status":"closed","ping_status":"closed","template":"elementor_header_footer","meta":{"_yoast_wpseo_focuskw":"","_yoast_wpseo_title":"","_yoast_wpseo_metadesc":"","footnotes":""},"class_list":["post-8122","page","type-page","status-publish","has-post-thumbnail","hentry"],"yoast_head":"<!-- This site is optimized with the Yoast SEO Premium plugin v25.7.1 (Yoast SEO v25.8) - https:\/\/yoast.com\/wordpress\/plugins\/seo\/ -->\n<title>Cockpit<\/title>\n<meta name=\"robots\" content=\"index, follow, max-snippet:-1, max-image-preview:large, max-video-preview:-1\" \/>\n<link rel=\"canonical\" href=\"https:\/\/centralcrypto.com.br\/2\/cockpit\/\" \/>\n<meta property=\"og:locale\" content=\"pt_BR\" \/>\n<meta property=\"og:type\" content=\"article\" \/>\n<meta property=\"og:title\" content=\"Cockpit\" \/>\n<meta property=\"og:description\" content=\"Essa e outras an\u00e1lises t\u00e9cnicas, estudos, not\u00edcias sobre o mundo crypto e boletins di\u00e1rios de criptomoedas voc\u00ea encontra na CENTRAL CRYPTOTRADERS!\" \/>\n<meta property=\"og:site_name\" content=\"Central CryptoTraders\" \/>\n<meta property=\"article:modified_time\" content=\"2025-03-20T00:25:43+00:00\" \/>\n<meta property=\"og:image\" content=\"https:\/\/centralcrypto.com.br\/2\/wp-content\/uploads\/ninja-forms\/2\/fieldnova_postagem_1676598254560-3-scaled.jpg\" \/>\n\t<meta property=\"og:image:width\" content=\"2560\" \/>\n\t<meta property=\"og:image:height\" content=\"1350\" \/>\n\t<meta property=\"og:image:type\" content=\"image\/jpeg\" \/>\n<meta name=\"twitter:card\" content=\"summary_large_image\" \/>\n<meta name=\"twitter:site\" content=\"@TradersCentral\" \/>\n<meta name=\"twitter:label1\" content=\"Est. tempo de leitura\" \/>\n\t<meta name=\"twitter:data1\" content=\"1 minuto\" \/>\n<script type=\"application\/ld+json\" class=\"yoast-schema-graph\">{\"@context\":\"https:\/\/schema.org\",\"@graph\":[{\"@type\":\"WebPage\",\"@id\":\"https:\/\/centralcrypto.com.br\/2\/cockpit\/\",\"url\":\"https:\/\/centralcrypto.com.br\/2\/cockpit\/\",\"name\":\"Cockpit\",\"isPartOf\":{\"@id\":\"https:\/\/centralcrypto.com.br\/2\/#website\"},\"primaryImageOfPage\":{\"@id\":\"https:\/\/centralcrypto.com.br\/2\/cockpit\/#primaryimage\"},\"image\":{\"@id\":\"https:\/\/centralcrypto.com.br\/2\/cockpit\/#primaryimage\"},\"thumbnailUrl\":\"https:\/\/centralcrypto.com.br\/2\/wp-content\/uploads\/ninja-forms\/2\/fieldnova_postagem_1676598254560-3-scaled.jpg\",\"datePublished\":\"2024-02-09T03:54:38+00:00\",\"dateModified\":\"2025-03-20T00:25:43+00:00\",\"breadcrumb\":{\"@id\":\"https:\/\/centralcrypto.com.br\/2\/cockpit\/#breadcrumb\"},\"inLanguage\":\"pt-BR\",\"potentialAction\":[{\"@type\":\"ReadAction\",\"target\":[\"https:\/\/centralcrypto.com.br\/2\/cockpit\/\"]}]},{\"@type\":\"ImageObject\",\"inLanguage\":\"pt-BR\",\"@id\":\"https:\/\/centralcrypto.com.br\/2\/cockpit\/#primaryimage\",\"url\":\"https:\/\/centralcrypto.com.br\/2\/wp-content\/uploads\/ninja-forms\/2\/fieldnova_postagem_1676598254560-3-scaled.jpg\",\"contentUrl\":\"https:\/\/centralcrypto.com.br\/2\/wp-content\/uploads\/ninja-forms\/2\/fieldnova_postagem_1676598254560-3-scaled.jpg\",\"width\":2560,\"height\":1350},{\"@type\":\"BreadcrumbList\",\"@id\":\"https:\/\/centralcrypto.com.br\/2\/cockpit\/#breadcrumb\",\"itemListElement\":[{\"@type\":\"ListItem\",\"position\":1,\"name\":\"In\u00edcio\",\"item\":\"https:\/\/centralcrypto.com.br\/2\/\"},{\"@type\":\"ListItem\",\"position\":2,\"name\":\"Cockpit\"}]},{\"@type\":\"WebSite\",\"@id\":\"https:\/\/centralcrypto.com.br\/2\/#website\",\"url\":\"https:\/\/centralcrypto.com.br\/2\/\",\"name\":\"Central CryptoTraders\",\"description\":\"A primeira rede social de Crypto Traders do Brasil!\",\"publisher\":{\"@id\":\"https:\/\/centralcrypto.com.br\/2\/#organization\"},\"alternateName\":\"Central CryptoTraders\",\"potentialAction\":[{\"@type\":\"SearchAction\",\"target\":{\"@type\":\"EntryPoint\",\"urlTemplate\":\"https:\/\/centralcrypto.com.br\/2\/?s={search_term_string}\"},\"query-input\":{\"@type\":\"PropertyValueSpecification\",\"valueRequired\":true,\"valueName\":\"search_term_string\"}}],\"inLanguage\":\"pt-BR\"},{\"@type\":\"Organization\",\"@id\":\"https:\/\/centralcrypto.com.br\/2\/#organization\",\"name\":\"Central CryptoTraders\",\"url\":\"https:\/\/centralcrypto.com.br\/2\/\",\"logo\":{\"@type\":\"ImageObject\",\"inLanguage\":\"pt-BR\",\"@id\":\"https:\/\/centralcrypto.com.br\/2\/#\/schema\/logo\/image\/\",\"url\":\"https:\/\/centralcrypto.com.br\/2\/wp-content\/uploads\/2023\/02\/cropped-logo1-transp.png\",\"contentUrl\":\"https:\/\/centralcrypto.com.br\/2\/wp-content\/uploads\/2023\/02\/cropped-logo1-transp.png\",\"width\":512,\"height\":512,\"caption\":\"Central CryptoTraders\"},\"image\":{\"@id\":\"https:\/\/centralcrypto.com.br\/2\/#\/schema\/logo\/image\/\"},\"sameAs\":[\"https:\/\/x.com\/TradersCentral\"]}]}<\/script>\n<!-- \/ Yoast SEO Premium plugin. -->","yoast_head_json":{"title":"Cockpit","robots":{"index":"index","follow":"follow","max-snippet":"max-snippet:-1","max-image-preview":"max-image-preview:large","max-video-preview":"max-video-preview:-1"},"canonical":"https:\/\/centralcrypto.com.br\/2\/cockpit\/","og_locale":"pt_BR","og_type":"article","og_title":"Cockpit","og_description":"Essa e outras an\u00e1lises t\u00e9cnicas, estudos, not\u00edcias sobre o mundo crypto e boletins di\u00e1rios de criptomoedas voc\u00ea encontra na CENTRAL CRYPTOTRADERS!","og_site_name":"Central CryptoTraders","article_modified_time":"2025-03-20T00:25:43+00:00","og_image":[{"width":2560,"height":1350,"url":"https:\/\/centralcrypto.com.br\/2\/wp-content\/uploads\/ninja-forms\/2\/fieldnova_postagem_1676598254560-3-scaled.jpg","type":"image\/jpeg"}],"twitter_card":"summary_large_image","twitter_site":"@TradersCentral","twitter_misc":{"Est. tempo de leitura":"1 minuto"},"schema":{"@context":"https:\/\/schema.org","@graph":[{"@type":"WebPage","@id":"https:\/\/centralcrypto.com.br\/2\/cockpit\/","url":"https:\/\/centralcrypto.com.br\/2\/cockpit\/","name":"Cockpit","isPartOf":{"@id":"https:\/\/centralcrypto.com.br\/2\/#website"},"primaryImageOfPage":{"@id":"https:\/\/centralcrypto.com.br\/2\/cockpit\/#primaryimage"},"image":{"@id":"https:\/\/centralcrypto.com.br\/2\/cockpit\/#primaryimage"},"thumbnailUrl":"https:\/\/centralcrypto.com.br\/2\/wp-content\/uploads\/ninja-forms\/2\/fieldnova_postagem_1676598254560-3-scaled.jpg","datePublished":"2024-02-09T03:54:38+00:00","dateModified":"2025-03-20T00:25:43+00:00","breadcrumb":{"@id":"https:\/\/centralcrypto.com.br\/2\/cockpit\/#breadcrumb"},"inLanguage":"pt-BR","potentialAction":[{"@type":"ReadAction","target":["https:\/\/centralcrypto.com.br\/2\/cockpit\/"]}]},{"@type":"ImageObject","inLanguage":"pt-BR","@id":"https:\/\/centralcrypto.com.br\/2\/cockpit\/#primaryimage","url":"https:\/\/centralcrypto.com.br\/2\/wp-content\/uploads\/ninja-forms\/2\/fieldnova_postagem_1676598254560-3-scaled.jpg","contentUrl":"https:\/\/centralcrypto.com.br\/2\/wp-content\/uploads\/ninja-forms\/2\/fieldnova_postagem_1676598254560-3-scaled.jpg","width":2560,"height":1350},{"@type":"BreadcrumbList","@id":"https:\/\/centralcrypto.com.br\/2\/cockpit\/#breadcrumb","itemListElement":[{"@type":"ListItem","position":1,"name":"In\u00edcio","item":"https:\/\/centralcrypto.com.br\/2\/"},{"@type":"ListItem","position":2,"name":"Cockpit"}]},{"@type":"WebSite","@id":"https:\/\/centralcrypto.com.br\/2\/#website","url":"https:\/\/centralcrypto.com.br\/2\/","name":"Central CryptoTraders","description":"A primeira rede social de Crypto Traders do Brasil!","publisher":{"@id":"https:\/\/centralcrypto.com.br\/2\/#organization"},"alternateName":"Central CryptoTraders","potentialAction":[{"@type":"SearchAction","target":{"@type":"EntryPoint","urlTemplate":"https:\/\/centralcrypto.com.br\/2\/?s={search_term_string}"},"query-input":{"@type":"PropertyValueSpecification","valueRequired":true,"valueName":"search_term_string"}}],"inLanguage":"pt-BR"},{"@type":"Organization","@id":"https:\/\/centralcrypto.com.br\/2\/#organization","name":"Central CryptoTraders","url":"https:\/\/centralcrypto.com.br\/2\/","logo":{"@type":"ImageObject","inLanguage":"pt-BR","@id":"https:\/\/centralcrypto.com.br\/2\/#\/schema\/logo\/image\/","url":"https:\/\/centralcrypto.com.br\/2\/wp-content\/uploads\/2023\/02\/cropped-logo1-transp.png","contentUrl":"https:\/\/centralcrypto.com.br\/2\/wp-content\/uploads\/2023\/02\/cropped-logo1-transp.png","width":512,"height":512,"caption":"Central CryptoTraders"},"image":{"@id":"https:\/\/centralcrypto.com.br\/2\/#\/schema\/logo\/image\/"},"sameAs":["https:\/\/x.com\/TradersCentral"]}]}},"_links":{"self":[{"href":"https:\/\/centralcrypto.com.br\/2\/wp-json\/wp\/v2\/pages\/8122","targetHints":{"allow":["GET"]}}],"collection":[{"href":"https:\/\/centralcrypto.com.br\/2\/wp-json\/wp\/v2\/pages"}],"about":[{"href":"https:\/\/centralcrypto.com.br\/2\/wp-json\/wp\/v2\/types\/page"}],"author":[{"embeddable":true,"href":"https:\/\/centralcrypto.com.br\/2\/wp-json\/wp\/v2\/users\/1"}],"replies":[{"embeddable":true,"href":"https:\/\/centralcrypto.com.br\/2\/wp-json\/wp\/v2\/comments?post=8122"}],"version-history":[{"count":13,"href":"https:\/\/centralcrypto.com.br\/2\/wp-json\/wp\/v2\/pages\/8122\/revisions"}],"predecessor-version":[{"id":11538,"href":"https:\/\/centralcrypto.com.br\/2\/wp-json\/wp\/v2\/pages\/8122\/revisions\/11538"}],"wp:featuredmedia":[{"embeddable":true,"href":"https:\/\/centralcrypto.com.br\/2\/wp-json\/wp\/v2\/media\/1314"}],"wp:attachment":[{"href":"https:\/\/centralcrypto.com.br\/2\/wp-json\/wp\/v2\/media?parent=8122"}],"curies":[{"name":"wp","href":"https:\/\/api.w.org\/{rel}","templated":true}]}}